{"id":76992,"date":"2025-03-29T10:43:44","date_gmt":"2025-03-29T10:43:44","guid":{"rendered":"https:\/\/eliteonepos.com\/?page_id=76992"},"modified":"2025-03-29T11:00:53","modified_gmt":"2025-03-29T11:00:53","slug":"naruci","status":"publish","type":"page","link":"https:\/\/eliteonepos.com\/en\/order-now\/","title":{"rendered":"Naru\u010di"},"content":{"rendered":"<div data-elementor-type=\"wp-page\" data-elementor-id=\"76992\" class=\"elementor elementor-76992\">\n\t\t\t\t\t\t<section class=\"elementor-section elementor-top-section elementor-element elementor-element-139cd01 elementor-section-boxed elementor-section-height-default elementor-section-height-default\" data-id=\"139cd01\" data-element_type=\"section\">\n\t\t\t\t\t\t<div class=\"elementor-container elementor-column-gap-default\">\n\t\t\t\t\t<div class=\"elementor-column elementor-col-100 elementor-top-column elementor-element elementor-element-3adf36b\" data-fullscreen-column-settings=\"{&quot;fullscreen&quot;:&quot;&quot;}\" data-id=\"3adf36b\" data-element_type=\"column\">\n\t\t\t<div class=\"elementor-widget-wrap elementor-element-populated\">\n\t\t\t\t\t\t<section class=\"elementor-section elementor-inner-section elementor-element elementor-element-a74cb91 elementor-section-boxed elementor-section-height-default elementor-section-height-default elementor-invisible\" data-id=\"a74cb91\" data-element_type=\"section\" data-settings=\"{&quot;background_background&quot;:&quot;classic&quot;,&quot;animation&quot;:&quot;fadeIn&quot;,&quot;animation_delay&quot;:400}\">\n\t\t\t\t\t\t<div class=\"elementor-container elementor-column-gap-default\">\n\t\t\t\t\t<div class=\"elementor-column elementor-col-100 elementor-inner-column elementor-element elementor-element-c5d56cb\" data-fullscreen-column-settings=\"{&quot;fullscreen&quot;:&quot;&quot;}\" data-id=\"c5d56cb\" data-element_type=\"column\">\n\t\t\t<div class=\"elementor-widget-wrap elementor-element-populated\">\n\t\t\t\t\t\t<div class=\"elementor-element elementor-element-9441dbe elementor-widget elementor-widget-litho-heading\" data-id=\"9441dbe\" data-element_type=\"widget\" data-widget_type=\"litho-heading.default\">\n\t\t\t\t<div class=\"elementor-widget-container\">\n\t\t\t\t\t<span class=\"litho-heading elementor-size-default\"><span class=\"litho-primary-title\">Please fill out the form below<\/span><\/span>\t\t\t\t<\/div>\n\t\t\t\t<\/div>\n\t\t\t\t<div class=\"elementor-element elementor-element-187fda9 elementor-widget elementor-widget-litho-heading\" data-id=\"187fda9\" data-element_type=\"widget\" data-widget_type=\"litho-heading.default\">\n\t\t\t\t<div class=\"elementor-widget-container\">\n\t\t\t\t\t<h4 class=\"litho-heading elementor-size-default translation-block\"><span class=\"litho-primary-title\">We will contact you <br> as soon as possible<\/span><\/h4>\t\t\t\t<\/div>\n\t\t\t\t<\/div>\n\t\t\t\t<div class=\"elementor-element elementor-element-73701ff elementor-widget elementor-widget-litho-contact-form\" data-id=\"73701ff\" data-element_type=\"widget\" data-widget_type=\"litho-contact-form.default\">\n\t\t\t\t<div class=\"elementor-widget-container\">\n\t\t\t\t\t\t\t\t<div class=\"contact-form-wrapper\">\n\t\t\t\t\n<div class=\"wpcf7 no-js\" id=\"wpcf7-f76995-o1\" lang=\"en-US\" dir=\"ltr\" data-wpcf7-id=\"76995\">\n<div class=\"screen-reader-response\"><p role=\"status\" aria-live=\"polite\" aria-atomic=\"true\"><\/p> <ul><\/ul><\/div>\n<form action=\"\/en\/wp-json\/wp\/v2\/pages\/76992#wpcf7-f76995-o1\" method=\"post\" class=\"wpcf7-form init\" aria-label=\"Contact form\" novalidate=\"novalidate\" data-status=\"init\" data-trp-original-action=\"\/en\/wp-json\/wp\/v2\/pages\/76992#wpcf7-f76995-o1\">\n<div style=\"display: none;\">\n<input type=\"hidden\" name=\"_wpcf7\" value=\"76995\" \/>\n<input type=\"hidden\" name=\"_wpcf7_version\" value=\"6.0.5\" \/>\n<input type=\"hidden\" name=\"_wpcf7_locale\" value=\"en_US\" \/>\n<input type=\"hidden\" name=\"_wpcf7_unit_tag\" value=\"wpcf7-f76995-o1\" \/>\n<input type=\"hidden\" name=\"_wpcf7_container_post\" value=\"0\" \/>\n<input type=\"hidden\" name=\"_wpcf7_posted_data_hash\" value=\"\" \/>\n<\/div>\n<div class=\"row row-cols-1 row-cols-md-2\">\n\t<div class=\"col\">\n\t\t<p><span class=\"wpcf7-form-control-wrap\" data-name=\"your-name\"><input size=\"40\" maxlength=\"400\" class=\"wpcf7-form-control wpcf7-text wpcf7-validates-as-required\" aria-required=\"true\" aria-invalid=\"false\" placeholder=\"Full name*\" value=\"\" type=\"text\" name=\"your-name\" \/><\/span><span class=\"wpcf7-form-control-wrap\" data-name=\"your-email-address\"><input size=\"40\" maxlength=\"400\" class=\"wpcf7-form-control wpcf7-email wpcf7-validates-as-required wpcf7-text wpcf7-validates-as-email\" aria-required=\"true\" aria-invalid=\"false\" placeholder=\"E-mail*\" value=\"\" type=\"email\" name=\"your-email-address\" \/><\/span><span class=\"wpcf7-form-control-wrap\" data-name=\"your-mobile\"><input size=\"40\" maxlength=\"400\" class=\"wpcf7-form-control wpcf7-text wpcf7-validates-as-required\" aria-required=\"true\" aria-invalid=\"false\" placeholder=\"Phone number*\" value=\"\" type=\"text\" name=\"your-mobile\" \/><\/span>\n\t\t<\/p>\n\t<\/div>\n\t<div class=\"col\">\n\t\t<p><span class=\"wpcf7-form-control-wrap\" data-name=\"your-message\"><textarea cols=\"40\" rows=\"10\" maxlength=\"2000\" class=\"wpcf7-form-control wpcf7-textarea\" aria-invalid=\"false\" placeholder=\"The name of the software solution you are using\" name=\"your-message\"><\/textarea><\/span>\n\t\t<\/p>\n\t<\/div>\n\t<div class=\"col\">\n\t\t<p><span class=\"contact-form-text\"><span class=\"wpcf7-form-control-wrap\" data-name=\"your-consent\"><span class=\"wpcf7-form-control wpcf7-acceptance\"><span class=\"wpcf7-list-item\"><label><input type=\"checkbox\" name=\"your-consent\" value=\"1\" aria-invalid=\"false\" \/><span class=\"wpcf7-list-item-label\">I understand and accept the terms of use, and confirm that my data is securely stored in accordance with privacy regulations.<\/span><\/label><\/span><\/span><\/span><\/span>\n\t\t<\/p>\n\t<\/div>\n\t<div class=\"col litho-button-wrapper contact-simple\">\n\t\t<div>\n\t\t\t<p><input class=\"wpcf7-form-control wpcf7-submit has-spinner elementor-button\" type=\"submit\" value=\"Send message\" \/>\n\t\t\t<\/p>\n\t\t<\/div>\n\t<\/div>\n<\/div><div class=\"wpcf7-response-output\" aria-hidden=\"true\"><\/div>\n<input type=\"hidden\" name=\"trp-form-language\" value=\"en\"\/><\/form>\n<\/div>\n\t\t\t<\/div>\n\t\t\t\t\t\t\t<\/div>\n\t\t\t\t<\/div>\n\t\t\t\t\t<\/div>\n\t\t<\/div>\n\t\t\t\t\t<\/div>\n\t\t<\/section>\n\t\t\t\t\t<\/div>\n\t\t<\/div>\n\t\t\t\t\t<\/div>\n\t\t<\/section>\n\t\t\t\t<\/div>","protected":false},"excerpt":{"rendered":"<p>Molimo Vas da ispunite dolje navedeni obrazac Kontaktirat \u0107emo Vas u najkra\u0107em mogu\u0107em roku Razumijem i prihva\u0107am uvjete kori\u0161tenja te potvr\u0111ujem da su moji podaci sigurno pohranjeni sukladno propisima o za\u0161titi privatnosti.<\/p>","protected":false},"author":1,"featured_media":76634,"parent":0,"menu_order":0,"comment_status":"closed","ping_status":"closed","template":"","meta":{"footnotes":""},"class_list":["post-76992","page","type-page","status-publish","has-post-thumbnail","hentry"],"yoast_head":"<!-- This site is optimized with the Yoast SEO plugin v24.7 - https:\/\/yoast.com\/wordpress\/plugins\/seo\/ -->\n<title>Naru\u010di - Elite One<\/title>\n<meta name=\"robots\" content=\"index, follow, max-snippet:-1, max-image-preview:large, max-video-preview:-1\" \/>\n<link rel=\"canonical\" href=\"https:\/\/eliteonepos.com\/en\/order-now\/\" \/>\n<meta property=\"og:locale\" content=\"en_GB\" \/>\n<meta property=\"og:type\" content=\"article\" \/>\n<meta property=\"og:title\" content=\"Naru\u010di - Elite One\" \/>\n<meta property=\"og:description\" content=\"Molimo Vas da ispunite dolje navedeni obrazac Kontaktirat \u0107emo Vas u najkra\u0107em mogu\u0107em roku Razumijem i prihva\u0107am uvjete kori\u0161tenja te potvr\u0111ujem da su moji podaci sigurno pohranjeni sukladno propisima o za\u0161titi privatnosti.\" \/>\n<meta property=\"og:url\" content=\"https:\/\/eliteonepos.com\/en\/order-now\/\" \/>\n<meta property=\"og:site_name\" content=\"Elite One\" \/>\n<meta property=\"article:modified_time\" content=\"2025-03-29T11:00:53+00:00\" \/>\n<meta property=\"og:image\" content=\"https:\/\/eliteonepos.com\/wp-content\/uploads\/2025\/02\/3d-rendering-abstract-black-white-34234background-1.jpg\" \/>\n\t<meta property=\"og:image:width\" content=\"2200\" \/>\n\t<meta property=\"og:image:height\" content=\"1467\" \/>\n\t<meta property=\"og:image:type\" content=\"image\/jpeg\" \/>\n<meta name=\"twitter:card\" content=\"summary_large_image\" \/>\n<meta name=\"twitter:label1\" content=\"Estimated reading time\" \/>\n\t<meta name=\"twitter:data1\" content=\"1 minute\" \/>\n<script type=\"application\/ld+json\" class=\"yoast-schema-graph\">{\"@context\":\"https:\/\/schema.org\",\"@graph\":[{\"@type\":\"WebPage\",\"@id\":\"https:\/\/eliteonepos.com\/naruci\/\",\"url\":\"https:\/\/eliteonepos.com\/naruci\/\",\"name\":\"Naru\u010di - Elite One\",\"isPartOf\":{\"@id\":\"https:\/\/eliteonepos.com\/#website\"},\"primaryImageOfPage\":{\"@id\":\"https:\/\/eliteonepos.com\/naruci\/#primaryimage\"},\"image\":{\"@id\":\"https:\/\/eliteonepos.com\/naruci\/#primaryimage\"},\"thumbnailUrl\":\"https:\/\/eliteonepos.com\/wp-content\/uploads\/2025\/02\/3d-rendering-abstract-black-white-34234background-1.jpg\",\"datePublished\":\"2025-03-29T10:43:44+00:00\",\"dateModified\":\"2025-03-29T11:00:53+00:00\",\"breadcrumb\":{\"@id\":\"https:\/\/eliteonepos.com\/naruci\/#breadcrumb\"},\"inLanguage\":\"en-GB\",\"potentialAction\":[{\"@type\":\"ReadAction\",\"target\":[\"https:\/\/eliteonepos.com\/naruci\/\"]}]},{\"@type\":\"ImageObject\",\"inLanguage\":\"en-GB\",\"@id\":\"https:\/\/eliteonepos.com\/naruci\/#primaryimage\",\"url\":\"https:\/\/eliteonepos.com\/wp-content\/uploads\/2025\/02\/3d-rendering-abstract-black-white-34234background-1.jpg\",\"contentUrl\":\"https:\/\/eliteonepos.com\/wp-content\/uploads\/2025\/02\/3d-rendering-abstract-black-white-34234background-1.jpg\",\"width\":2200,\"height\":1467},{\"@type\":\"BreadcrumbList\",\"@id\":\"https:\/\/eliteonepos.com\/naruci\/#breadcrumb\",\"itemListElement\":[{\"@type\":\"ListItem\",\"position\":1,\"name\":\"Po\u010detna stranica\",\"item\":\"https:\/\/eliteonepos.com\/\"},{\"@type\":\"ListItem\",\"position\":2,\"name\":\"Naru\u010di\"}]},{\"@type\":\"WebSite\",\"@id\":\"https:\/\/eliteonepos.com\/#website\",\"url\":\"https:\/\/eliteonepos.com\/\",\"name\":\"Elite One\",\"description\":\"Suvremena POS rje\u0161enja\",\"publisher\":{\"@id\":\"https:\/\/eliteonepos.com\/#organization\"},\"potentialAction\":[{\"@type\":\"SearchAction\",\"target\":{\"@type\":\"EntryPoint\",\"urlTemplate\":\"https:\/\/eliteonepos.com\/?s={search_term_string}\"},\"query-input\":{\"@type\":\"PropertyValueSpecification\",\"valueRequired\":true,\"valueName\":\"search_term_string\"}}],\"inLanguage\":\"en-GB\"},{\"@type\":\"Organization\",\"@id\":\"https:\/\/eliteonepos.com\/#organization\",\"name\":\"Elite One\",\"url\":\"https:\/\/eliteonepos.com\/\",\"logo\":{\"@type\":\"ImageObject\",\"inLanguage\":\"en-GB\",\"@id\":\"https:\/\/eliteonepos.com\/#\/schema\/logo\/image\/\",\"url\":\"https:\/\/eliteonepos.com\/wp-content\/uploads\/2024\/04\/elite-one-site-icon.png\",\"contentUrl\":\"https:\/\/eliteonepos.com\/wp-content\/uploads\/2024\/04\/elite-one-site-icon.png\",\"width\":512,\"height\":512,\"caption\":\"Elite One\"},\"image\":{\"@id\":\"https:\/\/eliteonepos.com\/#\/schema\/logo\/image\/\"},\"sameAs\":[\"https:\/\/www.instagram.com\/eliteonepos\/\"]}]}<\/script>\n<!-- \/ Yoast SEO plugin. -->","yoast_head_json":{"title":"Naru\u010di - Elite One","robots":{"index":"index","follow":"follow","max-snippet":"max-snippet:-1","max-image-preview":"max-image-preview:large","max-video-preview":"max-video-preview:-1"},"canonical":"https:\/\/eliteonepos.com\/en\/order-now\/","og_locale":"en_GB","og_type":"article","og_title":"Naru\u010di - Elite One","og_description":"Molimo Vas da ispunite dolje navedeni obrazac Kontaktirat \u0107emo Vas u najkra\u0107em mogu\u0107em roku Razumijem i prihva\u0107am uvjete kori\u0161tenja te potvr\u0111ujem da su moji podaci sigurno pohranjeni sukladno propisima o za\u0161titi privatnosti.","og_url":"https:\/\/eliteonepos.com\/en\/order-now\/","og_site_name":"Elite One","article_modified_time":"2025-03-29T11:00:53+00:00","og_image":[{"width":2200,"height":1467,"url":"https:\/\/eliteonepos.com\/wp-content\/uploads\/2025\/02\/3d-rendering-abstract-black-white-34234background-1.jpg","type":"image\/jpeg"}],"twitter_card":"summary_large_image","twitter_misc":{"Estimated reading time":"1 minute"},"schema":{"@context":"https:\/\/schema.org","@graph":[{"@type":"WebPage","@id":"https:\/\/eliteonepos.com\/naruci\/","url":"https:\/\/eliteonepos.com\/naruci\/","name":"Naru\u010di - Elite One","isPartOf":{"@id":"https:\/\/eliteonepos.com\/#website"},"primaryImageOfPage":{"@id":"https:\/\/eliteonepos.com\/naruci\/#primaryimage"},"image":{"@id":"https:\/\/eliteonepos.com\/naruci\/#primaryimage"},"thumbnailUrl":"https:\/\/eliteonepos.com\/wp-content\/uploads\/2025\/02\/3d-rendering-abstract-black-white-34234background-1.jpg","datePublished":"2025-03-29T10:43:44+00:00","dateModified":"2025-03-29T11:00:53+00:00","breadcrumb":{"@id":"https:\/\/eliteonepos.com\/naruci\/#breadcrumb"},"inLanguage":"en-GB","potentialAction":[{"@type":"ReadAction","target":["https:\/\/eliteonepos.com\/naruci\/"]}]},{"@type":"ImageObject","inLanguage":"en-GB","@id":"https:\/\/eliteonepos.com\/naruci\/#primaryimage","url":"https:\/\/eliteonepos.com\/wp-content\/uploads\/2025\/02\/3d-rendering-abstract-black-white-34234background-1.jpg","contentUrl":"https:\/\/eliteonepos.com\/wp-content\/uploads\/2025\/02\/3d-rendering-abstract-black-white-34234background-1.jpg","width":2200,"height":1467},{"@type":"BreadcrumbList","@id":"https:\/\/eliteonepos.com\/naruci\/#breadcrumb","itemListElement":[{"@type":"ListItem","position":1,"name":"Po\u010detna stranica","item":"https:\/\/eliteonepos.com\/"},{"@type":"ListItem","position":2,"name":"Naru\u010di"}]},{"@type":"WebSite","@id":"https:\/\/eliteonepos.com\/#website","url":"https:\/\/eliteonepos.com\/","name":"Elite One","description":"Suvremena POS rje\u0161enja","publisher":{"@id":"https:\/\/eliteonepos.com\/#organization"},"potentialAction":[{"@type":"SearchAction","target":{"@type":"EntryPoint","urlTemplate":"https:\/\/eliteonepos.com\/?s={search_term_string}"},"query-input":{"@type":"PropertyValueSpecification","valueRequired":true,"valueName":"search_term_string"}}],"inLanguage":"en-GB"},{"@type":"Organization","@id":"https:\/\/eliteonepos.com\/#organization","name":"Elite One","url":"https:\/\/eliteonepos.com\/","logo":{"@type":"ImageObject","inLanguage":"en-GB","@id":"https:\/\/eliteonepos.com\/#\/schema\/logo\/image\/","url":"https:\/\/eliteonepos.com\/wp-content\/uploads\/2024\/04\/elite-one-site-icon.png","contentUrl":"https:\/\/eliteonepos.com\/wp-content\/uploads\/2024\/04\/elite-one-site-icon.png","width":512,"height":512,"caption":"Elite One"},"image":{"@id":"https:\/\/eliteonepos.com\/#\/schema\/logo\/image\/"},"sameAs":["https:\/\/www.instagram.com\/eliteonepos\/"]}]}},"_links":{"self":[{"href":"https:\/\/eliteonepos.com\/en\/wp-json\/wp\/v2\/pages\/76992","targetHints":{"allow":["GET"]}}],"collection":[{"href":"https:\/\/eliteonepos.com\/en\/wp-json\/wp\/v2\/pages"}],"about":[{"href":"https:\/\/eliteonepos.com\/en\/wp-json\/wp\/v2\/types\/page"}],"author":[{"embeddable":true,"href":"https:\/\/eliteonepos.com\/en\/wp-json\/wp\/v2\/users\/1"}],"replies":[{"embeddable":true,"href":"https:\/\/eliteonepos.com\/en\/wp-json\/wp\/v2\/comments?post=76992"}],"version-history":[{"count":10,"href":"https:\/\/eliteonepos.com\/en\/wp-json\/wp\/v2\/pages\/76992\/revisions"}],"predecessor-version":[{"id":77004,"href":"https:\/\/eliteonepos.com\/en\/wp-json\/wp\/v2\/pages\/76992\/revisions\/77004"}],"wp:featuredmedia":[{"embeddable":true,"href":"https:\/\/eliteonepos.com\/en\/wp-json\/wp\/v2\/media\/76634"}],"wp:attachment":[{"href":"https:\/\/eliteonepos.com\/en\/wp-json\/wp\/v2\/media?parent=76992"}],"curies":[{"name":"wp","href":"https:\/\/api.w.org\/{rel}","templated":true}]}}