{"id":107,"date":"2024-03-24T09:13:49","date_gmt":"2024-03-24T09:13:49","guid":{"rendered":"https:\/\/litho.themezaa.com\/?page_id=107"},"modified":"2024-06-02T17:23:29","modified_gmt":"2024-06-02T17:23:29","slug":"kontakt","status":"publish","type":"page","link":"https:\/\/eliteonepos.com\/sr\/kontakt\/","title":{"rendered":"Kontakt"},"content":{"rendered":"<div data-elementor-type=\"wp-page\" data-elementor-id=\"107\" class=\"elementor elementor-107\">\n\t\t\t\t\t\t<section class=\"elementor-section elementor-top-section elementor-element elementor-element-139cd01 elementor-section-boxed elementor-section-height-default elementor-section-height-default\" data-id=\"139cd01\" data-element_type=\"section\">\n\t\t\t\t\t\t<div class=\"elementor-container elementor-column-gap-default\">\n\t\t\t\t\t<div class=\"elementor-column elementor-col-100 elementor-top-column elementor-element elementor-element-3adf36b\" data-fullscreen-column-settings=\"{&quot;fullscreen&quot;:&quot;&quot;}\" data-id=\"3adf36b\" data-element_type=\"column\">\n\t\t\t<div class=\"elementor-widget-wrap elementor-element-populated\">\n\t\t\t\t\t\t<section class=\"elementor-section elementor-inner-section elementor-element elementor-element-a74cb91 elementor-section-boxed elementor-section-height-default elementor-section-height-default elementor-invisible\" data-id=\"a74cb91\" data-element_type=\"section\" data-settings=\"{&quot;background_background&quot;:&quot;classic&quot;,&quot;animation&quot;:&quot;fadeIn&quot;,&quot;animation_delay&quot;:400}\">\n\t\t\t\t\t\t<div class=\"elementor-container elementor-column-gap-default\">\n\t\t\t\t\t<div class=\"elementor-column elementor-col-100 elementor-inner-column elementor-element elementor-element-c5d56cb\" data-fullscreen-column-settings=\"{&quot;fullscreen&quot;:&quot;&quot;}\" data-id=\"c5d56cb\" data-element_type=\"column\">\n\t\t\t<div class=\"elementor-widget-wrap elementor-element-populated\">\n\t\t\t\t\t\t<div class=\"elementor-element elementor-element-9441dbe elementor-widget elementor-widget-litho-heading\" data-id=\"9441dbe\" data-element_type=\"widget\" data-widget_type=\"litho-heading.default\">\n\t\t\t\t<div class=\"elementor-widget-container\">\n\t\t\t\t\t<span class=\"litho-heading elementor-size-default\"><span class=\"litho-primary-title\">Molimo Vas da ispunite dolje navedeni obrazac<\/span><\/span>\t\t\t\t<\/div>\n\t\t\t\t<\/div>\n\t\t\t\t<div class=\"elementor-element elementor-element-187fda9 elementor-widget elementor-widget-litho-heading\" data-id=\"187fda9\" data-element_type=\"widget\" data-widget_type=\"litho-heading.default\">\n\t\t\t\t<div class=\"elementor-widget-container\">\n\t\t\t\t\t<h4 class=\"litho-heading elementor-size-default translation-block\"><span class=\"litho-primary-title\">Kontaktirat \u0107emo Vas u najkra\u0107em<br> mogu\u0107em roku<\/span><\/h4>\t\t\t\t<\/div>\n\t\t\t\t<\/div>\n\t\t\t\t<div class=\"elementor-element elementor-element-73701ff elementor-widget elementor-widget-litho-contact-form\" data-id=\"73701ff\" data-element_type=\"widget\" data-widget_type=\"litho-contact-form.default\">\n\t\t\t\t<div class=\"elementor-widget-container\">\n\t\t\t\t\t\t\t\t<div class=\"contact-form-wrapper\">\n\t\t\t\t\n<div class=\"wpcf7 no-js\" id=\"wpcf7-f69271-o1\" lang=\"en-US\" dir=\"ltr\" data-wpcf7-id=\"69271\">\n<div class=\"screen-reader-response\"><p role=\"status\" aria-live=\"polite\" aria-atomic=\"true\"><\/p> <ul><\/ul><\/div>\n<form action=\"\/sr\/wp-json\/wp\/v2\/pages\/107#wpcf7-f69271-o1\" method=\"post\" class=\"wpcf7-form init\" aria-label=\"Contact form\" novalidate=\"novalidate\" data-status=\"init\" data-trp-original-action=\"\/sr\/wp-json\/wp\/v2\/pages\/107#wpcf7-f69271-o1\">\n<div style=\"display: none;\">\n<input type=\"hidden\" name=\"_wpcf7\" value=\"69271\" \/>\n<input type=\"hidden\" name=\"_wpcf7_version\" value=\"6.0.5\" \/>\n<input type=\"hidden\" name=\"_wpcf7_locale\" value=\"en_US\" \/>\n<input type=\"hidden\" name=\"_wpcf7_unit_tag\" value=\"wpcf7-f69271-o1\" \/>\n<input type=\"hidden\" name=\"_wpcf7_container_post\" value=\"0\" \/>\n<input type=\"hidden\" name=\"_wpcf7_posted_data_hash\" value=\"\" \/>\n<\/div>\n<div class=\"row row-cols-1 row-cols-md-2\">\n\t<div class=\"col\">\n\t\t<p><span class=\"wpcf7-form-control-wrap\" data-name=\"your-name\"><input size=\"40\" maxlength=\"400\" class=\"wpcf7-form-control wpcf7-text wpcf7-validates-as-required\" aria-required=\"true\" aria-invalid=\"false\" placeholder=\"Ime i prezime*\" value=\"\" type=\"text\" name=\"your-name\" \/><\/span><span class=\"wpcf7-form-control-wrap\" data-name=\"your-email-address\"><input size=\"40\" maxlength=\"400\" class=\"wpcf7-form-control wpcf7-email wpcf7-validates-as-required wpcf7-text wpcf7-validates-as-email\" aria-required=\"true\" aria-invalid=\"false\" placeholder=\"Email adresa*\" value=\"\" type=\"email\" name=\"your-email-address\" \/><\/span><span class=\"wpcf7-form-control-wrap\" data-name=\"your-mobile\"><input size=\"40\" maxlength=\"400\" class=\"wpcf7-form-control wpcf7-text wpcf7-validates-as-required\" aria-required=\"true\" aria-invalid=\"false\" placeholder=\"Telefonski broj*\" value=\"\" type=\"text\" name=\"your-mobile\" \/><\/span>\n\t\t<\/p>\n\t<\/div>\n\t<div class=\"col\">\n\t\t<p><span class=\"wpcf7-form-control-wrap\" data-name=\"your-message\"><textarea cols=\"40\" rows=\"10\" maxlength=\"2000\" class=\"wpcf7-form-control wpcf7-textarea\" aria-invalid=\"false\" placeholder=\"Molimo Vas da nam u kratkim crtama opi\u0161ete razlog Va\u0161eg kontakta\" name=\"your-message\"><\/textarea><\/span>\n\t\t<\/p>\n\t<\/div>\n\t<div class=\"col\">\n\t\t<p><span class=\"contact-form-text\"><span class=\"wpcf7-form-control-wrap\" data-name=\"your-consent\"><span class=\"wpcf7-form-control wpcf7-acceptance\"><span class=\"wpcf7-list-item\"><label><input type=\"checkbox\" name=\"your-consent\" value=\"1\" aria-invalid=\"false\" \/><span class=\"wpcf7-list-item-label\">Razumem i prihvatam uslove kori\u0161\u0107enja te potvr\u0111ujem da su moji podaci sigurno pohranjeni u skladu sa propisima o za\u0161titi privatnosti.<\/span><\/label><\/span><\/span><\/span><\/span>\n\t\t<\/p>\n\t<\/div>\n\t<div class=\"col litho-button-wrapper contact-simple\">\n\t\t<div>\n\t\t\t<p><input class=\"wpcf7-form-control wpcf7-submit has-spinner elementor-button\" type=\"submit\" value=\"Po\u0161alji poruku\" \/>\n\t\t\t<\/p>\n\t\t<\/div>\n\t<\/div>\n<\/div><div class=\"wpcf7-response-output\" aria-hidden=\"true\"><\/div>\n<input type=\"hidden\" name=\"trp-form-language\" value=\"sr\"\/><\/form>\n<\/div>\n\t\t\t<\/div>\n\t\t\t\t\t\t\t<\/div>\n\t\t\t\t<\/div>\n\t\t\t\t\t<\/div>\n\t\t<\/div>\n\t\t\t\t\t<\/div>\n\t\t<\/section>\n\t\t\t\t\t<\/div>\n\t\t<\/div>\n\t\t\t\t\t<\/div>\n\t\t<\/section>\n\t\t\t\t<\/div>","protected":false},"excerpt":{"rendered":"<p>Molimo Vas da ispunite dolje navedeni obrazac Kontaktirat \u0107emo Vas u najkra\u0107em mogu\u0107em roku Razumijem i prihva\u0107am uvjete kori\u0161tenja te potvr\u0111ujem da su moji podaci sigurno pohranjeni sukladno propisima o za\u0161titi privatnosti.<\/p>","protected":false},"author":1,"featured_media":0,"parent":0,"menu_order":0,"comment_status":"closed","ping_status":"closed","template":"","meta":{"footnotes":""},"class_list":["post-107","page","type-page","status-publish","hentry"],"yoast_head":"<!-- This site is optimized with the Yoast SEO plugin v24.7 - https:\/\/yoast.com\/wordpress\/plugins\/seo\/ -->\n<title>Kontakt - Elite One<\/title>\n<meta name=\"robots\" content=\"index, follow, max-snippet:-1, max-image-preview:large, max-video-preview:-1\" \/>\n<link rel=\"canonical\" href=\"https:\/\/eliteonepos.com\/sr\/kontakt\/\" \/>\n<meta property=\"og:locale\" content=\"sr_RS\" \/>\n<meta property=\"og:type\" content=\"article\" \/>\n<meta property=\"og:title\" content=\"Kontakt - Elite One\" \/>\n<meta property=\"og:description\" content=\"Molimo Vas da ispunite dolje navedeni obrazac Kontaktirat \u0107emo Vas u najkra\u0107em mogu\u0107em roku Razumijem i prihva\u0107am uvjete kori\u0161tenja te potvr\u0111ujem da su moji podaci sigurno pohranjeni sukladno propisima o za\u0161titi privatnosti.\" \/>\n<meta property=\"og:url\" content=\"https:\/\/eliteonepos.com\/sr\/kontakt\/\" \/>\n<meta property=\"og:site_name\" content=\"Elite One\" \/>\n<meta property=\"article:modified_time\" content=\"2024-06-02T17:23:29+00:00\" \/>\n<meta name=\"twitter:card\" content=\"summary_large_image\" \/>\n<meta name=\"twitter:label1\" content=\"\u041f\u0440\u043e\u0446\u0435\u045a\u0435\u043d\u043e \u0432\u0440\u0435\u043c\u0435 \u0447\u0438\u0442\u0430\u045a\u0430\" \/>\n\t<meta name=\"twitter:data1\" content=\"1 \u043c\u0438\u043d\u0443\u0442\" \/>\n<script type=\"application\/ld+json\" class=\"yoast-schema-graph\">{\"@context\":\"https:\/\/schema.org\",\"@graph\":[{\"@type\":\"WebPage\",\"@id\":\"https:\/\/eliteonepos.com\/kontakt\/\",\"url\":\"https:\/\/eliteonepos.com\/kontakt\/\",\"name\":\"Kontakt - Elite One\",\"isPartOf\":{\"@id\":\"https:\/\/eliteonepos.com\/#website\"},\"datePublished\":\"2024-03-24T09:13:49+00:00\",\"dateModified\":\"2024-06-02T17:23:29+00:00\",\"breadcrumb\":{\"@id\":\"https:\/\/eliteonepos.com\/kontakt\/#breadcrumb\"},\"inLanguage\":\"sr-RS\",\"potentialAction\":[{\"@type\":\"ReadAction\",\"target\":[\"https:\/\/eliteonepos.com\/kontakt\/\"]}]},{\"@type\":\"BreadcrumbList\",\"@id\":\"https:\/\/eliteonepos.com\/kontakt\/#breadcrumb\",\"itemListElement\":[{\"@type\":\"ListItem\",\"position\":1,\"name\":\"Po\u010detna stranica\",\"item\":\"https:\/\/eliteonepos.com\/\"},{\"@type\":\"ListItem\",\"position\":2,\"name\":\"Kontakt\"}]},{\"@type\":\"WebSite\",\"@id\":\"https:\/\/eliteonepos.com\/#website\",\"url\":\"https:\/\/eliteonepos.com\/\",\"name\":\"Elite One\",\"description\":\"Suvremena POS rje\u0161enja\",\"publisher\":{\"@id\":\"https:\/\/eliteonepos.com\/#organization\"},\"potentialAction\":[{\"@type\":\"SearchAction\",\"target\":{\"@type\":\"EntryPoint\",\"urlTemplate\":\"https:\/\/eliteonepos.com\/?s={search_term_string}\"},\"query-input\":{\"@type\":\"PropertyValueSpecification\",\"valueRequired\":true,\"valueName\":\"search_term_string\"}}],\"inLanguage\":\"sr-RS\"},{\"@type\":\"Organization\",\"@id\":\"https:\/\/eliteonepos.com\/#organization\",\"name\":\"Elite One\",\"url\":\"https:\/\/eliteonepos.com\/\",\"logo\":{\"@type\":\"ImageObject\",\"inLanguage\":\"sr-RS\",\"@id\":\"https:\/\/eliteonepos.com\/#\/schema\/logo\/image\/\",\"url\":\"https:\/\/eliteonepos.com\/wp-content\/uploads\/2024\/04\/elite-one-site-icon.png\",\"contentUrl\":\"https:\/\/eliteonepos.com\/wp-content\/uploads\/2024\/04\/elite-one-site-icon.png\",\"width\":512,\"height\":512,\"caption\":\"Elite One\"},\"image\":{\"@id\":\"https:\/\/eliteonepos.com\/#\/schema\/logo\/image\/\"},\"sameAs\":[\"https:\/\/www.instagram.com\/eliteonepos\/\"]}]}<\/script>\n<!-- \/ Yoast SEO plugin. -->","yoast_head_json":{"title":"Kontakt - Elite One","robots":{"index":"index","follow":"follow","max-snippet":"max-snippet:-1","max-image-preview":"max-image-preview:large","max-video-preview":"max-video-preview:-1"},"canonical":"https:\/\/eliteonepos.com\/sr\/kontakt\/","og_locale":"sr_RS","og_type":"article","og_title":"Kontakt - Elite One","og_description":"Molimo Vas da ispunite dolje navedeni obrazac Kontaktirat \u0107emo Vas u najkra\u0107em mogu\u0107em roku Razumijem i prihva\u0107am uvjete kori\u0161tenja te potvr\u0111ujem da su moji podaci sigurno pohranjeni sukladno propisima o za\u0161titi privatnosti.","og_url":"https:\/\/eliteonepos.com\/sr\/kontakt\/","og_site_name":"Elite One","article_modified_time":"2024-06-02T17:23:29+00:00","twitter_card":"summary_large_image","twitter_misc":{"\u041f\u0440\u043e\u0446\u0435\u045a\u0435\u043d\u043e \u0432\u0440\u0435\u043c\u0435 \u0447\u0438\u0442\u0430\u045a\u0430":"1 \u043c\u0438\u043d\u0443\u0442"},"schema":{"@context":"https:\/\/schema.org","@graph":[{"@type":"WebPage","@id":"https:\/\/eliteonepos.com\/kontakt\/","url":"https:\/\/eliteonepos.com\/kontakt\/","name":"Kontakt - Elite One","isPartOf":{"@id":"https:\/\/eliteonepos.com\/#website"},"datePublished":"2024-03-24T09:13:49+00:00","dateModified":"2024-06-02T17:23:29+00:00","breadcrumb":{"@id":"https:\/\/eliteonepos.com\/kontakt\/#breadcrumb"},"inLanguage":"sr-RS","potentialAction":[{"@type":"ReadAction","target":["https:\/\/eliteonepos.com\/kontakt\/"]}]},{"@type":"BreadcrumbList","@id":"https:\/\/eliteonepos.com\/kontakt\/#breadcrumb","itemListElement":[{"@type":"ListItem","position":1,"name":"Po\u010detna stranica","item":"https:\/\/eliteonepos.com\/"},{"@type":"ListItem","position":2,"name":"Kontakt"}]},{"@type":"WebSite","@id":"https:\/\/eliteonepos.com\/#website","url":"https:\/\/eliteonepos.com\/","name":"Elite One","description":"Suvremena POS rje\u0161enja","publisher":{"@id":"https:\/\/eliteonepos.com\/#organization"},"potentialAction":[{"@type":"SearchAction","target":{"@type":"EntryPoint","urlTemplate":"https:\/\/eliteonepos.com\/?s={search_term_string}"},"query-input":{"@type":"PropertyValueSpecification","valueRequired":true,"valueName":"search_term_string"}}],"inLanguage":"sr-RS"},{"@type":"Organization","@id":"https:\/\/eliteonepos.com\/#organization","name":"Elite One","url":"https:\/\/eliteonepos.com\/","logo":{"@type":"ImageObject","inLanguage":"sr-RS","@id":"https:\/\/eliteonepos.com\/#\/schema\/logo\/image\/","url":"https:\/\/eliteonepos.com\/wp-content\/uploads\/2024\/04\/elite-one-site-icon.png","contentUrl":"https:\/\/eliteonepos.com\/wp-content\/uploads\/2024\/04\/elite-one-site-icon.png","width":512,"height":512,"caption":"Elite One"},"image":{"@id":"https:\/\/eliteonepos.com\/#\/schema\/logo\/image\/"},"sameAs":["https:\/\/www.instagram.com\/eliteonepos\/"]}]}},"_links":{"self":[{"href":"https:\/\/eliteonepos.com\/sr\/wp-json\/wp\/v2\/pages\/107","targetHints":{"allow":["GET"]}}],"collection":[{"href":"https:\/\/eliteonepos.com\/sr\/wp-json\/wp\/v2\/pages"}],"about":[{"href":"https:\/\/eliteonepos.com\/sr\/wp-json\/wp\/v2\/types\/page"}],"author":[{"embeddable":true,"href":"https:\/\/eliteonepos.com\/sr\/wp-json\/wp\/v2\/users\/1"}],"replies":[{"embeddable":true,"href":"https:\/\/eliteonepos.com\/sr\/wp-json\/wp\/v2\/comments?post=107"}],"version-history":[{"count":28,"href":"https:\/\/eliteonepos.com\/sr\/wp-json\/wp\/v2\/pages\/107\/revisions"}],"predecessor-version":[{"id":76493,"href":"https:\/\/eliteonepos.com\/sr\/wp-json\/wp\/v2\/pages\/107\/revisions\/76493"}],"wp:attachment":[{"href":"https:\/\/eliteonepos.com\/sr\/wp-json\/wp\/v2\/media?parent=107"}],"curies":[{"name":"wp","href":"https:\/\/api.w.org\/{rel}","templated":true}]}}